{"id":64,"date":"2017-12-21T20:05:07","date_gmt":"2017-12-21T20:05:07","guid":{"rendered":"http:\/\/h19470.web113.dogado.net\/?page_id=64"},"modified":"2024-04-11T12:55:33","modified_gmt":"2024-04-11T12:55:33","slug":"dr-joerg-witthaut","status":"publish","type":"page","link":"https:\/\/e-hand.de\/?page_id=64","title":{"rendered":"Dr. J\u00f6rg Witthaut"},"content":{"rendered":"<h1>Vita<\/h1>\n<h1>Dr. med. J\u00f6rg Witthaut, MHBA<\/h1>\n<p><img loading=\"lazy\" decoding=\"async\" class=\"alignnone size-medium wp-image-146\" src=\"https:\/\/e-hand.de\/wp-content\/uploads\/2024\/04\/JWitthaut-300x250.png\" alt=\"\" width=\"300\" height=\"250\" srcset=\"https:\/\/e-hand.de\/wp-content\/uploads\/2024\/04\/JWitthaut-300x250.png 300w, https:\/\/e-hand.de\/wp-content\/uploads\/2024\/04\/JWitthaut-768x641.png 768w, https:\/\/e-hand.de\/wp-content\/uploads\/2024\/04\/JWitthaut.png 886w\" sizes=\"auto, (max-width: 300px) 100vw, 300px\" \/><\/p>\n<h2>1987 &#8211; 1993<\/h2>\n<p>Medizinstudium an der Ludwig-Maximilian Universit\u00e4t, M\u00fcnchen und Heinrich Heine Universit\u00e4t, D\u00fcsseldorf<br \/>\n<strong>Abschluss des Medizinstudiums 1993 mit der Note &#8222;sehr gut&#8220;.<\/strong><\/p>\n<h2>1993 &#8211; 1994<\/h2>\n<p>Assistent an der Klinik f\u00fcr Handchirurgie der Kliniken Ruhrhalbinsel Essen<\/p>\n<h2>1994<\/h2>\n<p>Dissertation: Qualit\u00e4tssicherung in der Neurochirurgie<\/p>\n<h2>1994 &#8211; 1996<\/h2>\n<p>Assistent an der Chirurgischen Klinik der Kliniken Ruhrhalbinsel Essen<\/p>\n<h2>1996 &#8211; 1997<\/h2>\n<p>R\u00e9sident Institut de la Main, Clinique Jouvenet, Paris, Frankreich<br \/>\n37 Pr\u00e4parationen der oberen Extremit\u00e4t an der Ecole de Chirurgie, Paris<br \/>\nW\u00f6chentliches mikrochirurgisches Training<\/p>\n<h2>1997 &#8211; 1998<\/h2>\n<p>Assistent am Department f\u00fcr Ellenbogen- und Schulterchirurgie, Kliniken Ruhrhalbinsel Essen<\/p>\n<h2>1999 &#8211; 2001<\/h2>\n<p>Assistent an der Klinik f\u00fcr Handchirurgie, Kliniken Ruhrhalbinsel Essen<\/p>\n<p><strong>Facharztbezeichnung Chirurgie, \u00c4rztekammer D\u00fcsseldorf<\/strong><\/p>\n<h2>2002 &#8211; 2006<\/h2>\n<p>Oberarzt an der Klinik f\u00fcr Handchirurgie der Kliniken Ruhrhalbinsel Essen<\/p>\n<p><strong> Zusatzbezeichnung Handchirurgie 2002,\u00a0\u00c4rztekammer D\u00fcsseldorf<\/strong><\/p>\n<p><strong>Diploma of the European Board of Hand Surgery (EBHS) 2002 <\/strong><\/p>\n<h2>2006<\/h2>\n<p>Handchirurg (\u00d6verl\u00e4kare) an der Klinik f\u00fcr Handchirurgie der Universit\u00e4tsklinik Uppsala in Schweden<br \/>\n<strong>Schwedischer Facharzt f\u00fcr Handchirurgie und f\u00fcr Chirurgie<\/strong><br \/>\n(Swedish National Board of Health and Welfare)<br \/>\nSchwerpunkte:<br \/>\nOsteosynthese, Mikrochirurgie, Replantation, Prothetik, arthroskopische Operationen, Dupuytren (Collagenase)<\/p>\n<h2>2011 -2018<\/h2>\n<p>Chefarzt der Klinik f\u00fcr Handchirurgie an der Sch\u00f6n Klinik Vogtareuth<\/p>\n<h2><strong>Ab 2018<\/strong><\/h2>\n<p>Leiter der Sektion Handchirurgie an der\u00a0RoMed Klinik Wasserburg<\/p>\n<p>Praxis f\u00fcr Handchirurgie an der\u00a0RoMed Klinik Wasserburg<\/p>\n","protected":false},"excerpt":{"rendered":"<p>Vita Dr. med. J\u00f6rg Witthaut, MHBA 1987 &#8211; 1993 Medizinstudium an der Ludwig-Maximilian Universit\u00e4t, M\u00fcnchen und Heinrich Heine Universit\u00e4t, D\u00fcsseldorf Abschluss des Medizinstudiums 1993 mit der Note &#8222;sehr gut&#8220;. 1993 &#8211; 1994 Assistent an der Klinik f\u00fcr Handchirurgie der Kliniken Ruhrhalbinsel Essen 1994 Dissertation: Qualit\u00e4tssicherung in der Neurochirurgie 1994 &#8211; 1996 Assistent an der Chirurgischen&hellip;<\/p>\n","protected":false},"author":1,"featured_media":0,"parent":0,"menu_order":0,"comment_status":"closed","ping_status":"closed","template":"","meta":{"footnotes":""},"class_list":["post-64","page","type-page","status-publish","hentry"],"_links":{"self":[{"href":"https:\/\/e-hand.de\/index.php?rest_route=\/wp\/v2\/pages\/64","targetHints":{"allow":["GET"]}}],"collection":[{"href":"https:\/\/e-hand.de\/index.php?rest_route=\/wp\/v2\/pages"}],"about":[{"href":"https:\/\/e-hand.de\/index.php?rest_route=\/wp\/v2\/types\/page"}],"author":[{"embeddable":true,"href":"https:\/\/e-hand.de\/index.php?rest_route=\/wp\/v2\/users\/1"}],"replies":[{"embeddable":true,"href":"https:\/\/e-hand.de\/index.php?rest_route=%2Fwp%2Fv2%2Fcomments&post=64"}],"version-history":[{"count":9,"href":"https:\/\/e-hand.de\/index.php?rest_route=\/wp\/v2\/pages\/64\/revisions"}],"predecessor-version":[{"id":148,"href":"https:\/\/e-hand.de\/index.php?rest_route=\/wp\/v2\/pages\/64\/revisions\/148"}],"wp:attachment":[{"href":"https:\/\/e-hand.de\/index.php?rest_route=%2Fwp%2Fv2%2Fmedia&parent=64"}],"curies":[{"name":"wp","href":"https:\/\/api.w.org\/{rel}","templated":true}]}}