{"id":5,"date":"2017-12-18T20:00:30","date_gmt":"2017-12-18T20:00:30","guid":{"rendered":"http:\/\/h19470.web113.dogado.net\/?page_id=5"},"modified":"2026-04-09T06:20:08","modified_gmt":"2026-04-09T06:20:08","slug":"praxis-dr-witthaut","status":"publish","type":"page","link":"https:\/\/e-hand.de\/","title":{"rendered":"Handchirurgie in Wasserburg"},"content":{"rendered":"\n<p class=\"has-black-color has-text-color has-link-color wp-elements-9f38340ea3327858100d0f3950380165\">Sehr geehrte Patientinnen und Patienten,<\/p>\n\n\n\n<p class=\"has-black-color has-text-color has-link-color wp-elements-ab987eb7a9254ab2806a305445cd8ad2\">herzlich Willkommen in unserer handchirurgischen Praxis. Unserer Praxis ist eine reine Terminpraxis. Bitte rufen Sie uns auch im Notfall kurz an, wir finden dann sicherlich einen kurzfristigen Termin f\u00fcr Sie. Regul\u00e4re Termine k\u00f6nnen telefonisch, oder unter dem Link &#8222;Termin online buchen&#8220; vereinbart werden.<\/p>\n\n\n\n<p class=\"has-black-color has-text-color has-link-color wp-elements-a39c7dcc7508a26ec1994d5995200e3c\">Es werden <strong>schwerpunktm\u00e4\u00dfig handchirurgische Erkrankungen und Unf\u00e4lle<\/strong> behandelt.<\/p>\n\n\n\n<p class=\"has-black-color has-text-color has-link-color wp-elements-ad5e3f7a14448974a956961160c426f6\">Auch besteht eine <strong>Zulassung zur Behandlung von handchirurgischen Berufsunf\u00e4llen, Schulunf\u00e4llen&nbsp;und Berufserkrankungen<\/strong>.<\/p>\n\n\n\n<p class=\"has-vivid-red-color has-text-color has-link-color has-medium-font-size wp-elements-834add2bf7181de1ef4fb4df34066f92\"><strong>Liebe Patienten,<\/strong><\/p>\n\n\n\n<p class=\"has-vivid-red-color has-text-color has-link-color wp-elements-2ffcd1f3ff87c73805cd16a5f671bf3b\"><strong>Praxisurlaub:<\/strong> <strong>22.06. &#8211; 03.07.2026<\/strong><\/p>\n\n\n\n<p class=\"has-vivid-red-color has-text-color has-link-color has-medium-font-size wp-elements-a0aa8ee2cb29331107e0bdeb31ebb665\"><strong>In dringenden handchirurgischen Notf\u00e4llen wenden Sie sich an die Unfallchirurgie der RoMed Klinik Wasserburg. Diese erreichen Sie \u00fcber die Pforte unter 08071-770. <\/strong><\/p>\n\n\n\n<p><\/p>\n","protected":false},"excerpt":{"rendered":"<p>Sehr geehrte Patientinnen und Patienten, herzlich Willkommen in unserer handchirurgischen Praxis. Unserer Praxis ist eine reine Terminpraxis. Bitte rufen Sie uns auch im Notfall kurz an, wir finden dann sicherlich einen kurzfristigen Termin f\u00fcr Sie. Regul\u00e4re Termine k\u00f6nnen telefonisch, oder unter dem Link &#8222;Termin online buchen&#8220; vereinbart werden. Es werden schwerpunktm\u00e4\u00dfig handchirurgische Erkrankungen und Unf\u00e4lle&hellip;<\/p>\n","protected":false},"author":1,"featured_media":0,"parent":0,"menu_order":0,"comment_status":"closed","ping_status":"closed","template":"","meta":{"footnotes":""},"class_list":["post-5","page","type-page","status-publish","hentry"],"_links":{"self":[{"href":"https:\/\/e-hand.de\/index.php?rest_route=\/wp\/v2\/pages\/5","targetHints":{"allow":["GET"]}}],"collection":[{"href":"https:\/\/e-hand.de\/index.php?rest_route=\/wp\/v2\/pages"}],"about":[{"href":"https:\/\/e-hand.de\/index.php?rest_route=\/wp\/v2\/types\/page"}],"author":[{"embeddable":true,"href":"https:\/\/e-hand.de\/index.php?rest_route=\/wp\/v2\/users\/1"}],"replies":[{"embeddable":true,"href":"https:\/\/e-hand.de\/index.php?rest_route=%2Fwp%2Fv2%2Fcomments&post=5"}],"version-history":[{"count":55,"href":"https:\/\/e-hand.de\/index.php?rest_route=\/wp\/v2\/pages\/5\/revisions"}],"predecessor-version":[{"id":303,"href":"https:\/\/e-hand.de\/index.php?rest_route=\/wp\/v2\/pages\/5\/revisions\/303"}],"wp:attachment":[{"href":"https:\/\/e-hand.de\/index.php?rest_route=%2Fwp%2Fv2%2Fmedia&parent=5"}],"curies":[{"name":"wp","href":"https:\/\/api.w.org\/{rel}","templated":true}]}}