{"id":28,"date":"2017-12-18T21:20:28","date_gmt":"2017-12-18T21:20:28","guid":{"rendered":"http:\/\/h19470.web113.dogado.net\/?page_id=28"},"modified":"2025-02-17T09:08:27","modified_gmt":"2025-02-17T09:08:27","slug":"gutachten","status":"publish","type":"page","link":"https:\/\/e-hand.de\/?page_id=28","title":{"rendered":"Gutachten"},"content":{"rendered":"<h3><span style=\"color: #000000;\"><strong>Seit 25 Jahren <span style=\"text-align: left; text-transform: none; text-indent: 0px; letter-spacing: normal; font-family: 'Noto Serif'; font-size: 16px; font-style: normal; font-variant: normal; text-decoration: none; word-spacing: 0px; display: inline !important; white-space: normal; cursor: text; orphans: 2; float: none; -webkit-text-stroke-width: 0px; background-color: #ffffff;\">erstelle ich Gutachten f\u00fcr Sozialgerichte, Versicherungen und Berufsgenossenschaften in fast allen Bundesl\u00e4ndern.<\/span><\/strong><\/span><\/h3>\n<p><strong>Mein Gutachteninstitut (Zentrale) befindet sich in Essen a. d. Ruhr in Nordrhein-Westfalen. Untersuchungen f\u00fchre ich aber auch in Bayern durch.<\/strong><\/p>\n<p>Das \u00e4rztliche Gutachten ist in unserer Rechtsprechung als Entscheidungshilfe unentbehrlich. Im Wesentlichen sollen \u00f6ffentlich-rechtliche und privat-rechtliche Rechtsanspr\u00fcche gepr\u00fcft werden.<\/p>\n<p>Die \u00f6ffentlich-rechtlichen Anspr\u00fcche richten sich gegen die Tr\u00e4ger der Sozialversicherung, wie z.B. Renten- und Unfallversicherung. Anspr\u00fcche gegen eine private Unfallversicherung sind privatrechtlicher Natur.<\/p>\n<p>Viele Prozesse sollten bei ausreichender Sachkunde und guter medizinischer Beratung mangels Aussicht auf Erfolg gar nicht erst gef\u00fchrt werden. Eine entsprechende Vorbegutachtung kann hier helfen, Fehler zu vermeiden.<\/p>\n<p>\u00c4rztliche Gutachten unterscheiden sich nach dem Fachgebiet. Als medizinischer Sachverst\u00e4ndiger ist mein Fachgebiet seit Jahren die obere Extremit\u00e4t (Hand bis Schulter).<\/p>\n<p>Ich erstelle Ihnen eine unabh\u00e4ngige Begutachtung zu Ihrer entsprechenden Fragestellung im Bereich der oberen Extremit\u00e4t.<\/p>\n<p>Die Untersuchung sind an <strong>zwei Standorten in Deutschland <\/strong>m\u00f6glich:<\/p>\n<p><strong>Nordrhein-Westfalen: Gutachteninstitut Dr. Witthaut an der REHA Kupferdreh, St. Josef Krankenhaus, Heidbergweg 22 &#8211; 24, 45257 Essen\u00a0<\/strong><\/p>\n<p><span style=\"color: #ff0000;\"><strong><em>ACHTUNG: <\/em><\/strong><\/span><\/p>\n<p><span style=\"color: #ff0000;\"><strong><em>F\u00fcr Gutachten in Essen ist die Post- und Paketanschrift: <\/em><\/strong><\/span><\/p>\n<p><span style=\"color: #ff0000;\"><strong><em>Gutachteninstitut Dr. Witthaut, Hohenstaufenring 62, 50674 K\u00f6ln<\/em><\/strong><\/span><\/p>\n<p><strong>Bayern: Handchirurgie am RoMed Klinikum Dr. Witthaut, Gabersee 1, 83512 Wasserburg a. Inn<\/strong><\/p>\n<p>Biefe und Pakete k\u00f6nnen in Bayern direkt an die Klinikadresse gesendet werden.<\/p>\n","protected":false},"excerpt":{"rendered":"<p>Seit 25 Jahren erstelle ich Gutachten f\u00fcr Sozialgerichte, Versicherungen und Berufsgenossenschaften in fast allen Bundesl\u00e4ndern. Mein Gutachteninstitut (Zentrale) befindet sich in Essen a. d. Ruhr in Nordrhein-Westfalen. Untersuchungen f\u00fchre ich aber auch in Bayern durch. Das \u00e4rztliche Gutachten ist in unserer Rechtsprechung als Entscheidungshilfe unentbehrlich. Im Wesentlichen sollen \u00f6ffentlich-rechtliche und privat-rechtliche Rechtsanspr\u00fcche gepr\u00fcft werden. Die&hellip;<\/p>\n","protected":false},"author":1,"featured_media":0,"parent":0,"menu_order":0,"comment_status":"closed","ping_status":"closed","template":"","meta":{"footnotes":""},"class_list":["post-28","page","type-page","status-publish","hentry"],"_links":{"self":[{"href":"https:\/\/e-hand.de\/index.php?rest_route=\/wp\/v2\/pages\/28","targetHints":{"allow":["GET"]}}],"collection":[{"href":"https:\/\/e-hand.de\/index.php?rest_route=\/wp\/v2\/pages"}],"about":[{"href":"https:\/\/e-hand.de\/index.php?rest_route=\/wp\/v2\/types\/page"}],"author":[{"embeddable":true,"href":"https:\/\/e-hand.de\/index.php?rest_route=\/wp\/v2\/users\/1"}],"replies":[{"embeddable":true,"href":"https:\/\/e-hand.de\/index.php?rest_route=%2Fwp%2Fv2%2Fcomments&post=28"}],"version-history":[{"count":15,"href":"https:\/\/e-hand.de\/index.php?rest_route=\/wp\/v2\/pages\/28\/revisions"}],"predecessor-version":[{"id":244,"href":"https:\/\/e-hand.de\/index.php?rest_route=\/wp\/v2\/pages\/28\/revisions\/244"}],"wp:attachment":[{"href":"https:\/\/e-hand.de\/index.php?rest_route=%2Fwp%2Fv2%2Fmedia&parent=28"}],"curies":[{"name":"wp","href":"https:\/\/api.w.org\/{rel}","templated":true}]}}