{"id":155,"date":"2024-04-11T13:20:08","date_gmt":"2024-04-11T13:20:08","guid":{"rendered":"https:\/\/e-hand.de\/?page_id=155"},"modified":"2025-05-08T06:39:28","modified_gmt":"2025-05-08T06:39:28","slug":"anfahrt-kontakt","status":"publish","type":"page","link":"https:\/\/e-hand.de\/?page_id=155","title":{"rendered":"Anfahrt\/Kontakt"},"content":{"rendered":"\n<p><strong>Anfahrt:<\/strong> <\/p>\n\n\n\n<p><strong>PKW:<\/strong> Unsere Praxis befindet sich im Klinikneubau der RoMed Klinik Wasserburg (Gabersee). Sie erreichen unsere Praxis \u00fcber den Haupteingang der Klinik. Dort steht Ihnen der Empfang, sowie die Beschilderung (Handchirugie Praxis) zur Verf\u00fcgung, um unsere Praxisr\u00e4ume schnellstm\u00f6glich zu finden.<\/p>\n\n\n\n<p><strong>\u00f6ffentliche Verkehrsmittel:<\/strong> Mit dem Bus Nr. 431 gelangen Sie vom Bahnhof Reitmehring zur RoMed Klinik Wasserburg. Steigen Sie an der Haltestelle Gabersee ISK aus. Die Haltestelle befindet sich in der M\u00fcnchner Stra\u00dfe hinter dem Kreisverkehr. F\u00fcr den anschlie\u00dfenden Fu\u00dfweg zur RoMed Klinik orientieren Sie sich an dem unten angegebenen Plan. <\/p>\n\n\n\n<p><\/p>\n\n\n\n<p>Telefonisch erreichen Sie uns unter:  <\/p>\n\n\n\n<p><strong>Tel<\/strong>: <strong>08071-921 79 99<\/strong><\/p>\n\n\n\n<p><strong>Fax: 08071-921 79 98<\/strong><\/p>\n\n\n\n<p><strong>E-Mail: praxis@witthaut.de<\/strong><\/p>\n\n\n\n<figure class=\"wp-block-image size-full\"><img loading=\"lazy\" decoding=\"async\" width=\"637\" height=\"450\" src=\"https:\/\/e-hand.de\/wp-content\/uploads\/2024\/04\/Bild1.png\" alt=\"\" class=\"wp-image-162\" srcset=\"https:\/\/e-hand.de\/wp-content\/uploads\/2024\/04\/Bild1.png 637w, https:\/\/e-hand.de\/wp-content\/uploads\/2024\/04\/Bild1-300x212.png 300w, https:\/\/e-hand.de\/wp-content\/uploads\/2024\/04\/Bild1-340x240.png 340w\" sizes=\"auto, (max-width: 637px) 100vw, 637px\" \/><\/figure>\n","protected":false},"excerpt":{"rendered":"<p>Anfahrt: PKW: Unsere Praxis befindet sich im Klinikneubau der RoMed Klinik Wasserburg (Gabersee). Sie erreichen unsere Praxis \u00fcber den Haupteingang der Klinik. Dort steht Ihnen der Empfang, sowie die Beschilderung (Handchirugie Praxis) zur Verf\u00fcgung, um unsere Praxisr\u00e4ume schnellstm\u00f6glich zu finden. \u00f6ffentliche Verkehrsmittel: Mit dem Bus Nr. 431 gelangen Sie vom Bahnhof Reitmehring zur RoMed Klinik&hellip;<\/p>\n","protected":false},"author":1,"featured_media":0,"parent":0,"menu_order":0,"comment_status":"closed","ping_status":"closed","template":"","meta":{"footnotes":""},"class_list":["post-155","page","type-page","status-publish","hentry"],"_links":{"self":[{"href":"https:\/\/e-hand.de\/index.php?rest_route=\/wp\/v2\/pages\/155","targetHints":{"allow":["GET"]}}],"collection":[{"href":"https:\/\/e-hand.de\/index.php?rest_route=\/wp\/v2\/pages"}],"about":[{"href":"https:\/\/e-hand.de\/index.php?rest_route=\/wp\/v2\/types\/page"}],"author":[{"embeddable":true,"href":"https:\/\/e-hand.de\/index.php?rest_route=\/wp\/v2\/users\/1"}],"replies":[{"embeddable":true,"href":"https:\/\/e-hand.de\/index.php?rest_route=%2Fwp%2Fv2%2Fcomments&post=155"}],"version-history":[{"count":4,"href":"https:\/\/e-hand.de\/index.php?rest_route=\/wp\/v2\/pages\/155\/revisions"}],"predecessor-version":[{"id":254,"href":"https:\/\/e-hand.de\/index.php?rest_route=\/wp\/v2\/pages\/155\/revisions\/254"}],"wp:attachment":[{"href":"https:\/\/e-hand.de\/index.php?rest_route=%2Fwp%2Fv2%2Fmedia&parent=155"}],"curies":[{"name":"wp","href":"https:\/\/api.w.org\/{rel}","templated":true}]}}