{"id":128,"date":"2024-04-07T09:57:21","date_gmt":"2024-04-07T09:57:21","guid":{"rendered":"https:\/\/e-hand.de\/?page_id=128"},"modified":"2025-02-12T13:36:18","modified_gmt":"2025-02-12T13:36:18","slug":"aktuelles-zur-handchirurgie-wasserburg-a-inn","status":"publish","type":"page","link":"https:\/\/e-hand.de\/?page_id=128","title":{"rendered":"AKTUELLES zur Handchirurgie Wasserburg a. Inn"},"content":{"rendered":"\n<p class=\"has-black-color has-text-color has-link-color has-medium-font-size wp-elements-9ea9de3557edab6b4469dff93e6affdc\"><\/p>\n\n\n\n<p><strong>Arthroskopien:<\/strong> Aktuell k\u00f6nnen wir auf unbestimmte Zeit keine Handgelenksarthroskopien anbieten. Bitte haben Sie darf\u00fcr Verst\u00e4ndnis.<\/p>\n\n\n\n<p><\/p>\n\n\n\n<p><\/p>\n","protected":false},"excerpt":{"rendered":"<p>Arthroskopien: Aktuell k\u00f6nnen wir auf unbestimmte Zeit keine Handgelenksarthroskopien anbieten. Bitte haben Sie darf\u00fcr Verst\u00e4ndnis.<\/p>\n","protected":false},"author":1,"featured_media":0,"parent":0,"menu_order":0,"comment_status":"closed","ping_status":"closed","template":"","meta":{"footnotes":""},"class_list":["post-128","page","type-page","status-publish","hentry"],"_links":{"self":[{"href":"https:\/\/e-hand.de\/index.php?rest_route=\/wp\/v2\/pages\/128","targetHints":{"allow":["GET"]}}],"collection":[{"href":"https:\/\/e-hand.de\/index.php?rest_route=\/wp\/v2\/pages"}],"about":[{"href":"https:\/\/e-hand.de\/index.php?rest_route=\/wp\/v2\/types\/page"}],"author":[{"embeddable":true,"href":"https:\/\/e-hand.de\/index.php?rest_route=\/wp\/v2\/users\/1"}],"replies":[{"embeddable":true,"href":"https:\/\/e-hand.de\/index.php?rest_route=%2Fwp%2Fv2%2Fcomments&post=128"}],"version-history":[{"count":21,"href":"https:\/\/e-hand.de\/index.php?rest_route=\/wp\/v2\/pages\/128\/revisions"}],"predecessor-version":[{"id":234,"href":"https:\/\/e-hand.de\/index.php?rest_route=\/wp\/v2\/pages\/128\/revisions\/234"}],"wp:attachment":[{"href":"https:\/\/e-hand.de\/index.php?rest_route=%2Fwp%2Fv2%2Fmedia&parent=128"}],"curies":[{"name":"wp","href":"https:\/\/api.w.org\/{rel}","templated":true}]}}